{"id":81,"date":"2012-07-10T06:32:17","date_gmt":"2012-07-10T06:32:17","guid":{"rendered":"http:\/\/www.spiekerooger-inselbote.de\/wp\/?page_id=81"},"modified":"2026-04-15T14:01:23","modified_gmt":"2026-04-15T14:01:23","slug":"81-2","status":"publish","type":"page","link":"https:\/\/www.spiekerooger-inselbote.de\/","title":{"rendered":""},"content":{"rendered":"<p>&nbsp;<\/p>\n<p><a href=\"http:\/\/www.spiekerooger-inselbote.de\/wp-content\/uploads\/2026\/04\/Milchstrasse_Spiekeroog_StephanSprinz-scaled.jpg\"><img loading=\"lazy\" decoding=\"async\" class=\"alignnone size-medium wp-image-3104\" src=\"http:\/\/www.spiekerooger-inselbote.de\/wp-content\/uploads\/2026\/04\/Milchstrasse_Spiekeroog_StephanSprinz-300x225.jpg\" alt=\"\" width=\"300\" height=\"225\" srcset=\"https:\/\/www.spiekerooger-inselbote.de\/wp-content\/uploads\/2026\/04\/Milchstrasse_Spiekeroog_StephanSprinz-300x225.jpg 300w, https:\/\/www.spiekerooger-inselbote.de\/wp-content\/uploads\/2026\/04\/Milchstrasse_Spiekeroog_StephanSprinz-1024x768.jpg 1024w, https:\/\/www.spiekerooger-inselbote.de\/wp-content\/uploads\/2026\/04\/Milchstrasse_Spiekeroog_StephanSprinz-768x576.jpg 768w, https:\/\/www.spiekerooger-inselbote.de\/wp-content\/uploads\/2026\/04\/Milchstrasse_Spiekeroog_StephanSprinz-1536x1152.jpg 1536w, https:\/\/www.spiekerooger-inselbote.de\/wp-content\/uploads\/2026\/04\/Milchstrasse_Spiekeroog_StephanSprinz-2048x1536.jpg 2048w, https:\/\/www.spiekerooger-inselbote.de\/wp-content\/uploads\/2026\/04\/Milchstrasse_Spiekeroog_StephanSprinz-268x200.jpg 268w, https:\/\/www.spiekerooger-inselbote.de\/wp-content\/uploads\/2026\/04\/Milchstrasse_Spiekeroog_StephanSprinz-700x525.jpg 700w\" sizes=\"(max-width: 300px) 100vw, 300px\" \/><\/a><\/p>\n<h1 class=\"yiv6413349629MsoNormal\"><strong>Die Sch\u00f6nheit der nat\u00fcrlichen Nacht erleben\u00a0<\/strong><\/h1>\n<h4 class=\"yiv6413349629MsoNormal\"><b>Vielseitiges Programm der International Dark Sky Week<\/b><\/h4>\n<p class=\"yiv6413349629MsoNormal\">Vom 13. bis 20. April 2026 wird weltweit die Dark Sky Week, die Woche des dunklen Himmels, zelebriert. Auch die Nationalparkverwaltung Nieders\u00e4chsisches Wattenmeer beteiligt sich an der Aktion und l\u00e4dt mit einem vielf\u00e4ltigen Veranstaltungsprogramm dazu ein, die Sch\u00f6nheit der nat\u00fcrlichen Nacht zu erleben. Sowohl Einheimische als auch G\u00e4ste k\u00f6nnen kostenlos an spannenden F\u00fchrungen und Vortr\u00e4gen in der gesamten Wattenmeer-Region teilnehmen.<\/p>\n<p class=\"yiv6413349629MsoNormal\">Ziel der Aktionswoche ist es, die nat\u00fcrliche Dunkelheit der Nacht bewusst zu erleben, ihren Wert f\u00fcr Natur und Mensch zu entdecken und zur Verringerung von Lichtverschmutzung anzuregen. Die Dark Sky Week wurde 2003 von der Organisation Dark Sky International ins Leben gerufen und findet seither j\u00e4hrlich statt. Hintergrund ist die zunehmende Aufhellung der Nacht durch k\u00fcnstliche Lichtquellen. Vor allem die Verbreitung moderner LED-Technik hat dazu gef\u00fchrt, dass Beleuchtung immer g\u00fcnstiger und intensiver eingesetzt wird. H\u00e4ufig geschieht dies aus Komfort- und Sicherheitserw\u00e4gungen, aber auch aus dekorativen Motiven. Dabei wird Licht oft \u00fcberm\u00e4\u00dfig und ineffizient genutzt, sodass es weit \u00fcber den eigentlichen Zweck hinausgeht und die nat\u00fcrliche Dunkelheit beeintr\u00e4chtigt. In Deutschland w\u00e4chst die Lichtmenge jedes Jahr um etwa ein bis zwei Prozent \u2013 mit sp\u00fcrbaren Folgen f\u00fcr Umwelt und Mensch.<\/p>\n<p class=\"yiv6413349629MsoNormal\">Um auf diese Problematik aufmerksam zu machen, engagieren sich die Nationalparkverwaltung Nieders\u00e4chsisches Wattenmeer, die Sterneninsel Spiekeroog und weitere Partner*innen besonders w\u00e4hrend der International Dark Sky Week, um die nat\u00fcrliche Nacht und die Faszination des Sternenhimmels erlebbar zu machen. Katrin Kirfel, Projektkoordinatorin von \u201eDARKER SKY\u201c in der Nationalparkverwaltung, l\u00e4dt dazu ein, selbst aktiv zu werden: \u201eOb beim Besuch einer Veranstaltung, bei einer Nachtwanderung im Freundeskreis oder bei einer kleinen Sternenbeobachtung im eigenen Garten \u2013 schon das bewusste Ausschalten von Au\u00dfenbeleuchtung kann einen Beitrag leisten und gleichzeitig neue Naturerlebnisse erm\u00f6glichen.\u201c<\/p>\n<p class=\"yiv6413349629MsoNormal\">Das Veranstaltungsprogramm zur International Dark Sky Week in der Wattenmeer-Region mit spannenden F\u00fchrungen und Vortr\u00e4gen f\u00fcr Gro\u00df und Klein finden Sie unter:\u00a0<a href=\"http:\/\/www.nationalpark-wattenmeer.de\/idsw\/\" target=\"_blank\" rel=\"nofollow noopener noreferrer\">www.nationalpark-wattenmeer.de\/idsw\/<\/a><\/p>\n<p>Foto: Nacht \u00fcber der Sterneninsel Spiekeroog.\u00a0Bildnachweis: Stephan Sprinz<\/p>\n<p>&nbsp;<\/p>\n<h1 align=\"CENTER\"><span style=\"color: #009900;\"><span style=\"font-family: Arial, sans-serif;\"><span style=\"font-size: x-large;\"><b>Lesen Sie in unserer aktuellen Printausgabe 4 \/ <\/b><\/span><\/span><\/span><span style=\"color: #009900;\"><span style=\"font-family: Arial, sans-serif;\"><span style=\"font-size: x-large;\"><b>2026 <\/b><\/span><\/span><\/span><span style=\"color: #009900;\"><span style=\"font-family: Arial, sans-serif;\"><span style=\"font-size: x-large;\"><b>vom 11. April<\/b><\/span><\/span><\/span><\/h1>\n<h3 style=\"text-align: left;\" align=\"CENTER\">&#8211; 400 Seiten dick: Ein Plan f\u00fcr die Dorfentwicklung<\/h3>\n<h3 style=\"text-align: left;\">&#8211; Steine am Westend: Zeitzeugen des alten Spiekerooger Dorfes?<\/h3>\n<h3 style=\"text-align: left;\">&#8211; IUS als Gemeinschaftsaufgabe<\/h3>\n<h3 style=\"text-align: left;\">&#8211; Viele neue Gesichter beim 19. Jazzfestival<\/h3>\n<h3 style=\"text-align: center;\">Der n\u00e4chste Inselbote kommt druckfrisch am 25. April (Nr. 5 \/ 2026)<\/h3>\n<p>&nbsp;<\/p>\n<p>&nbsp;<\/p>\n<h1><a href=\"http:\/\/www.spiekerooger-inselbote.de\/wp-content\/uploads\/2026\/04\/0426bild-Osterfeuer-1-scaled.jpg\"><img loading=\"lazy\" decoding=\"async\" class=\"alignnone size-medium wp-image-3101\" src=\"http:\/\/www.spiekerooger-inselbote.de\/wp-content\/uploads\/2026\/04\/0426bild-Osterfeuer-1-300x200.jpg\" alt=\"\" width=\"300\" height=\"200\" srcset=\"https:\/\/www.spiekerooger-inselbote.de\/wp-content\/uploads\/2026\/04\/0426bild-Osterfeuer-1-300x200.jpg 300w, https:\/\/www.spiekerooger-inselbote.de\/wp-content\/uploads\/2026\/04\/0426bild-Osterfeuer-1-1024x683.jpg 1024w, https:\/\/www.spiekerooger-inselbote.de\/wp-content\/uploads\/2026\/04\/0426bild-Osterfeuer-1-768x512.jpg 768w, https:\/\/www.spiekerooger-inselbote.de\/wp-content\/uploads\/2026\/04\/0426bild-Osterfeuer-1-1536x1024.jpg 1536w, https:\/\/www.spiekerooger-inselbote.de\/wp-content\/uploads\/2026\/04\/0426bild-Osterfeuer-1-2048x1365.jpg 2048w, https:\/\/www.spiekerooger-inselbote.de\/wp-content\/uploads\/2026\/04\/0426bild-Osterfeuer-1-700x467.jpg 700w\" sizes=\"(max-width: 300px) 100vw, 300px\" \/><\/a><a href=\"http:\/\/www.spiekerooger-inselbote.de\/wp-content\/uploads\/2026\/04\/0426bild-Osterfeuer-2-scaled.jpg\"><img loading=\"lazy\" decoding=\"async\" class=\"alignnone size-medium wp-image-3100\" src=\"http:\/\/www.spiekerooger-inselbote.de\/wp-content\/uploads\/2026\/04\/0426bild-Osterfeuer-2-300x200.jpg\" alt=\"\" width=\"300\" height=\"200\" srcset=\"https:\/\/www.spiekerooger-inselbote.de\/wp-content\/uploads\/2026\/04\/0426bild-Osterfeuer-2-300x200.jpg 300w, https:\/\/www.spiekerooger-inselbote.de\/wp-content\/uploads\/2026\/04\/0426bild-Osterfeuer-2-1024x683.jpg 1024w, https:\/\/www.spiekerooger-inselbote.de\/wp-content\/uploads\/2026\/04\/0426bild-Osterfeuer-2-768x512.jpg 768w, https:\/\/www.spiekerooger-inselbote.de\/wp-content\/uploads\/2026\/04\/0426bild-Osterfeuer-2-1536x1024.jpg 1536w, https:\/\/www.spiekerooger-inselbote.de\/wp-content\/uploads\/2026\/04\/0426bild-Osterfeuer-2-2048x1365.jpg 2048w, https:\/\/www.spiekerooger-inselbote.de\/wp-content\/uploads\/2026\/04\/0426bild-Osterfeuer-2-700x467.jpg 700w\" sizes=\"(max-width: 300px) 100vw, 300px\" \/><\/a><\/h1>\n<h1>Osterfeuer bei Sonnenschein<\/h1>\n<h3>Sch\u00f6n war&#8217;s! Um Punkt 18 Uhr entz\u00fcndeten Kameraden der Freiwilligen Feuerwehr am Karsamstag das Osterfeuer. Zun\u00e4chst qualmte es ganz sch\u00f6n direkt nach oben, kurze Zeit sp\u00e4ter stand der Berg mit dem gesammelten Strauchschnitt am Hellerpad in Flammen. Sp\u00e4ter flaute der Wind ab und drehte bei Sonnenschein auf Ost. &#8222;Halb Spiekeroog&#8220; war mal wieder auf den Beinen, schaute sich das Feuer an, hielt mit der Nachbarschaft bei einem Bier oder anderen Getr\u00e4nk einen Plausch und konsumierte Erbensuppe und Grillwurst. Die Freiwillige Feuerwehr pr\u00e4sentierte ihren Fahrzeugpark, erstmals an Ostern mit dabei der Mannschaftstransportwagen und der Pick-up.<\/h3>\n<h1><\/h1>\n<h1><a href=\"http:\/\/www.spiekerooger-inselbote.de\/wp-content\/uploads\/2026\/03\/Internet-2026-14-a-scaled.jpg\"><img loading=\"lazy\" decoding=\"async\" class=\"alignnone size-medium wp-image-3096\" src=\"http:\/\/www.spiekerooger-inselbote.de\/wp-content\/uploads\/2026\/03\/Internet-2026-14-a-300x115.jpg\" alt=\"\" width=\"300\" height=\"115\" srcset=\"https:\/\/www.spiekerooger-inselbote.de\/wp-content\/uploads\/2026\/03\/Internet-2026-14-a-300x115.jpg 300w, https:\/\/www.spiekerooger-inselbote.de\/wp-content\/uploads\/2026\/03\/Internet-2026-14-a-1024x393.jpg 1024w, https:\/\/www.spiekerooger-inselbote.de\/wp-content\/uploads\/2026\/03\/Internet-2026-14-a-768x295.jpg 768w, https:\/\/www.spiekerooger-inselbote.de\/wp-content\/uploads\/2026\/03\/Internet-2026-14-a-1536x589.jpg 1536w, https:\/\/www.spiekerooger-inselbote.de\/wp-content\/uploads\/2026\/03\/Internet-2026-14-a-2048x785.jpg 2048w, https:\/\/www.spiekerooger-inselbote.de\/wp-content\/uploads\/2026\/03\/Internet-2026-14-a-700x268.jpg 700w\" sizes=\"(max-width: 300px) 100vw, 300px\" \/><\/a><\/h1>\n<h1>Wenn der Minister und der Juniorranger&#8230;<\/h1>\n<h3>Sonnabend hat das Nationalparkhaus nach Umbau wieder er\u00f6ffnet. Nach einem Festakt in der benachbarten Sporthalle der Lietz-Schule schnitten Niedersachsens Umweltminister Christian Meyer und Spiekeroogs Juniorranger Hugo Br\u00fcggemann vor dem Eingang des Wittb\u00fcltens das obligatorische rote Band durch &#8211; offensichtlich sehr zu Freude von der Gesch\u00e4ftsf\u00fchrerin der gGmbH Swaantje Fock. \u00dcber die feierliche Wiederer\u00f6ffnung 20 Jahre nach Einweihung des damaligen Umweltbildungszentrums berichtet der Ibo ausf\u00fchrlich in der Nr. 4 \/ 2026 vom 11. April.<\/h3>\n<p>&nbsp;<\/p>\n<h1><a href=\"http:\/\/www.spiekerooger-inselbote.de\/wp-content\/uploads\/2026\/03\/0326bild-Wittbueltzen-2-scaled.jpg\"><img loading=\"lazy\" decoding=\"async\" class=\"alignnone size-medium wp-image-3094\" src=\"http:\/\/www.spiekerooger-inselbote.de\/wp-content\/uploads\/2026\/03\/0326bild-Wittbueltzen-2-200x300.jpg\" alt=\"\" width=\"200\" height=\"300\" srcset=\"https:\/\/www.spiekerooger-inselbote.de\/wp-content\/uploads\/2026\/03\/0326bild-Wittbueltzen-2-200x300.jpg 200w, https:\/\/www.spiekerooger-inselbote.de\/wp-content\/uploads\/2026\/03\/0326bild-Wittbueltzen-2-683x1024.jpg 683w, https:\/\/www.spiekerooger-inselbote.de\/wp-content\/uploads\/2026\/03\/0326bild-Wittbueltzen-2-768x1152.jpg 768w, https:\/\/www.spiekerooger-inselbote.de\/wp-content\/uploads\/2026\/03\/0326bild-Wittbueltzen-2-1024x1536.jpg 1024w, https:\/\/www.spiekerooger-inselbote.de\/wp-content\/uploads\/2026\/03\/0326bild-Wittbueltzen-2-1365x2048.jpg 1365w, https:\/\/www.spiekerooger-inselbote.de\/wp-content\/uploads\/2026\/03\/0326bild-Wittbueltzen-2-700x1050.jpg 700w, https:\/\/www.spiekerooger-inselbote.de\/wp-content\/uploads\/2026\/03\/0326bild-Wittbueltzen-2-scaled.jpg 1707w\" sizes=\"(max-width: 200px) 100vw, 200px\" \/><\/a><\/h1>\n<h1>Wittb\u00fclten in neuem Glanz<\/h1>\n<h3>Nach dreimonatiger Umbauzeit er\u00f6ffnet das Nationalpark-Haus am letzten M\u00e4rz-Wochenende wieder. Sonnabend werden rund 130 geladene G\u00e4ste erwartet, Sonntag sind alle Einheimischen und G\u00e4ste zum Tag der offenen T\u00fcr eingeladen. Gesch\u00e4ftsf\u00fchrerin Swaantje Fock freut sich schon auf den Wiederbeginn der neuen Ausstellung. Auf dem Foto setzt ein Mitarbeiter der Firma Modellbau Haus- und Raumgestaltung (Leipzig) ein Tiny-Haus auf das \u00fcberarbeitete Insel-Modell.<\/h3>\n<p>&nbsp;<\/p>\n<h1><a href=\"http:\/\/www.spiekerooger-inselbote.de\/wp-content\/uploads\/2026\/03\/Internet-2026-13-scaled.jpg\"><img loading=\"lazy\" decoding=\"async\" class=\"alignnone size-medium wp-image-3088\" src=\"http:\/\/www.spiekerooger-inselbote.de\/wp-content\/uploads\/2026\/03\/Internet-2026-13-300x107.jpg\" alt=\"\" width=\"300\" height=\"107\" srcset=\"https:\/\/www.spiekerooger-inselbote.de\/wp-content\/uploads\/2026\/03\/Internet-2026-13-300x107.jpg 300w, https:\/\/www.spiekerooger-inselbote.de\/wp-content\/uploads\/2026\/03\/Internet-2026-13-1024x364.jpg 1024w, https:\/\/www.spiekerooger-inselbote.de\/wp-content\/uploads\/2026\/03\/Internet-2026-13-768x273.jpg 768w, https:\/\/www.spiekerooger-inselbote.de\/wp-content\/uploads\/2026\/03\/Internet-2026-13-1536x546.jpg 1536w, https:\/\/www.spiekerooger-inselbote.de\/wp-content\/uploads\/2026\/03\/Internet-2026-13-2048x728.jpg 2048w, https:\/\/www.spiekerooger-inselbote.de\/wp-content\/uploads\/2026\/03\/Internet-2026-13-700x249.jpg 700w\" sizes=\"(max-width: 300px) 100vw, 300px\" \/><\/a><\/h1>\n<h1>Juist startet die f\u00fcnfte Runde<\/h1>\n<h3>Bevor der Saal die Hymne &#8222;Die 7 zum Verlieben&#8220; anstimmte, \u00fcberreichten die Spiekerooger Gastgeberinnen und Gastgeber von 2026 der austragenden Insel des 29. Treffens der Kulturschaffenden die offizielle Flagge. Vom 12. bis 14. M\u00e4rz 2027 wird Juist das Fest ausrichten und damit die f\u00fcnfte Runde von &#8222;Insulaner unner s\u00fcck&#8220; beginnen.<\/h3>\n<p>&nbsp;<\/p>\n<p><a href=\"http:\/\/www.spiekerooger-inselbote.de\/wp-content\/uploads\/2026\/03\/Internet-2026-11-scaled.jpg\"><img loading=\"lazy\" decoding=\"async\" class=\"alignnone size-medium wp-image-3081\" src=\"http:\/\/www.spiekerooger-inselbote.de\/wp-content\/uploads\/2026\/03\/Internet-2026-11-300x200.jpg\" alt=\"\" width=\"300\" height=\"200\" srcset=\"https:\/\/www.spiekerooger-inselbote.de\/wp-content\/uploads\/2026\/03\/Internet-2026-11-300x200.jpg 300w, https:\/\/www.spiekerooger-inselbote.de\/wp-content\/uploads\/2026\/03\/Internet-2026-11-1024x683.jpg 1024w, https:\/\/www.spiekerooger-inselbote.de\/wp-content\/uploads\/2026\/03\/Internet-2026-11-768x512.jpg 768w, https:\/\/www.spiekerooger-inselbote.de\/wp-content\/uploads\/2026\/03\/Internet-2026-11-1536x1024.jpg 1536w, https:\/\/www.spiekerooger-inselbote.de\/wp-content\/uploads\/2026\/03\/Internet-2026-11-2048x1365.jpg 2048w, https:\/\/www.spiekerooger-inselbote.de\/wp-content\/uploads\/2026\/03\/Internet-2026-11-700x467.jpg 700w\" sizes=\"(max-width: 300px) 100vw, 300px\" \/><\/a><a href=\"http:\/\/www.spiekerooger-inselbote.de\/wp-content\/uploads\/2026\/03\/Internet-2026-6-scaled.jpg\"><img loading=\"lazy\" decoding=\"async\" class=\"alignnone wp-image-3082\" src=\"http:\/\/www.spiekerooger-inselbote.de\/wp-content\/uploads\/2026\/03\/Internet-2026-6-300x169.jpg\" alt=\"\" width=\"353\" height=\"187\" \/><\/a><\/p>\n<h1>Familienfest der sieben Inseln<\/h1>\n<h3>Voll besetzt war das Sportdeck an den zwei IUS-Abenden mit B\u00fchnenprogramm von rund 25 Gruppen. Norderney, Juist, Langeoog, Baltrum, Borkum und Wangerooge boten in dieser Reihenfolge ein abwechslungsreiches Programm mit viel Musik, Tanz und Sketch. Die Frisia XI hatte am Freitag rund 150 Teilnehmende aus Juist und Norderney direkt nach Spiekeroog gefahren, wo die Gastgeber sie mit dem Posaunenchor begr\u00fc\u00dften.<\/h3>\n<p>&nbsp;<\/p>\n<p><a href=\"http:\/\/www.spiekerooger-inselbote.de\/wp-content\/uploads\/2026\/03\/Internet-2026-5-scaled.jpg\"><img loading=\"lazy\" decoding=\"async\" class=\"alignnone size-medium wp-image-3078\" src=\"http:\/\/www.spiekerooger-inselbote.de\/wp-content\/uploads\/2026\/03\/Internet-2026-5-300x169.jpg\" alt=\"\" width=\"300\" height=\"169\" srcset=\"https:\/\/www.spiekerooger-inselbote.de\/wp-content\/uploads\/2026\/03\/Internet-2026-5-300x169.jpg 300w, https:\/\/www.spiekerooger-inselbote.de\/wp-content\/uploads\/2026\/03\/Internet-2026-5-1024x576.jpg 1024w, https:\/\/www.spiekerooger-inselbote.de\/wp-content\/uploads\/2026\/03\/Internet-2026-5-768x432.jpg 768w, https:\/\/www.spiekerooger-inselbote.de\/wp-content\/uploads\/2026\/03\/Internet-2026-5-1536x864.jpg 1536w, https:\/\/www.spiekerooger-inselbote.de\/wp-content\/uploads\/2026\/03\/Internet-2026-5-2048x1152.jpg 2048w, https:\/\/www.spiekerooger-inselbote.de\/wp-content\/uploads\/2026\/03\/Internet-2026-5-700x394.jpg 700w\" sizes=\"(max-width: 300px) 100vw, 300px\" \/><\/a><a href=\"http:\/\/www.spiekerooger-inselbote.de\/wp-content\/uploads\/2026\/03\/Internet-2026-4-scaled.jpg\"><img loading=\"lazy\" decoding=\"async\" class=\"alignnone size-medium wp-image-3077\" src=\"http:\/\/www.spiekerooger-inselbote.de\/wp-content\/uploads\/2026\/03\/Internet-2026-4-300x169.jpg\" alt=\"\" width=\"300\" height=\"169\" srcset=\"https:\/\/www.spiekerooger-inselbote.de\/wp-content\/uploads\/2026\/03\/Internet-2026-4-300x169.jpg 300w, https:\/\/www.spiekerooger-inselbote.de\/wp-content\/uploads\/2026\/03\/Internet-2026-4-1024x576.jpg 1024w, https:\/\/www.spiekerooger-inselbote.de\/wp-content\/uploads\/2026\/03\/Internet-2026-4-768x432.jpg 768w, https:\/\/www.spiekerooger-inselbote.de\/wp-content\/uploads\/2026\/03\/Internet-2026-4-1536x864.jpg 1536w, https:\/\/www.spiekerooger-inselbote.de\/wp-content\/uploads\/2026\/03\/Internet-2026-4-2048x1152.jpg 2048w, https:\/\/www.spiekerooger-inselbote.de\/wp-content\/uploads\/2026\/03\/Internet-2026-4-700x394.jpg 700w\" sizes=\"(max-width: 300px) 100vw, 300px\" \/><\/a><\/p>\n<h1>Wir sind bereit<\/h1>\n<h3>Vor Ankunft der ersten (Langeooger) G\u00e4ste am Freitagnachmittag steht die B\u00fchne f\u00fcr Insulaner unner s\u00fcck &#8211; im Sportdeck f\u00fcr die Auff\u00fchrungen und im Dorf f\u00fcrs Rahmenprogramm. Die Sonne lacht schon mal vom Himmel&#8230;<\/h3>\n<p>&nbsp;<\/p>\n<p><a href=\"http:\/\/www.spiekerooger-inselbote.de\/wp-content\/uploads\/2026\/03\/Internet-2026-3-scaled.jpg\"><img loading=\"lazy\" decoding=\"async\" class=\"alignnone wp-image-3074\" src=\"http:\/\/www.spiekerooger-inselbote.de\/wp-content\/uploads\/2026\/03\/Internet-2026-3-300x169.jpg\" alt=\"\" width=\"261\" height=\"147\" srcset=\"https:\/\/www.spiekerooger-inselbote.de\/wp-content\/uploads\/2026\/03\/Internet-2026-3-300x169.jpg 300w, https:\/\/www.spiekerooger-inselbote.de\/wp-content\/uploads\/2026\/03\/Internet-2026-3-1024x577.jpg 1024w, https:\/\/www.spiekerooger-inselbote.de\/wp-content\/uploads\/2026\/03\/Internet-2026-3-768x433.jpg 768w, https:\/\/www.spiekerooger-inselbote.de\/wp-content\/uploads\/2026\/03\/Internet-2026-3-1536x866.jpg 1536w, https:\/\/www.spiekerooger-inselbote.de\/wp-content\/uploads\/2026\/03\/Internet-2026-3-2048x1154.jpg 2048w, https:\/\/www.spiekerooger-inselbote.de\/wp-content\/uploads\/2026\/03\/Internet-2026-3-700x395.jpg 700w\" sizes=\"(max-width: 261px) 100vw, 261px\" \/><\/a><a href=\"http:\/\/www.spiekerooger-inselbote.de\/wp-content\/uploads\/2026\/02\/0226bild-IUS-3-scaled.jpg\"><img loading=\"lazy\" decoding=\"async\" class=\"alignnone size-medium wp-image-3067\" src=\"http:\/\/www.spiekerooger-inselbote.de\/wp-content\/uploads\/2026\/02\/0226bild-IUS-3-300x147.jpg\" alt=\"\" width=\"300\" height=\"147\" srcset=\"https:\/\/www.spiekerooger-inselbote.de\/wp-content\/uploads\/2026\/02\/0226bild-IUS-3-300x147.jpg 300w, https:\/\/www.spiekerooger-inselbote.de\/wp-content\/uploads\/2026\/02\/0226bild-IUS-3-1024x500.jpg 1024w, https:\/\/www.spiekerooger-inselbote.de\/wp-content\/uploads\/2026\/02\/0226bild-IUS-3-768x375.jpg 768w, https:\/\/www.spiekerooger-inselbote.de\/wp-content\/uploads\/2026\/02\/0226bild-IUS-3-1536x751.jpg 1536w, https:\/\/www.spiekerooger-inselbote.de\/wp-content\/uploads\/2026\/02\/0226bild-IUS-3-2048x1001.jpg 2048w, https:\/\/www.spiekerooger-inselbote.de\/wp-content\/uploads\/2026\/02\/0226bild-IUS-3-700x342.jpg 700w\" sizes=\"(max-width: 300px) 100vw, 300px\" \/><\/a><\/p>\n<h1>Vorfreude aufs Kulturtreffen<\/h1>\n<h3>Spiekeroog ist vom 6. bis 8. M\u00e4rz Gastgeber der 28. Auflage von &#8222;Insulaner unner s\u00fcck&#8220;. 423 Kulturschaffende von den anderen sechs Inseln werden erwartet. Fast 100 Freiwillige sind mit dem Fest in der Vorbereitung oder am Wochenende selbst besch\u00e4ftigt. Anfang der ersten M\u00e4rz-Woche begannen Spiekeroogerinnen und Spiekerooger das Dorf zu schm\u00fccken. Schon jetzt steht fest: das wird richtig bunt! Der Ibo blickt in der Nr. 2 \/ 2026 auf die drei tollen Tage!<\/h3>\n<p>&nbsp;<\/p>\n<p><a href=\"http:\/\/www.spiekerooger-inselbote.de\/wp-content\/uploads\/2026\/01\/Internet-2026-2-scaled.jpg\"><img loading=\"lazy\" decoding=\"async\" class=\"alignnone size-medium wp-image-3059\" src=\"http:\/\/www.spiekerooger-inselbote.de\/wp-content\/uploads\/2026\/01\/Internet-2026-2-300x169.jpg\" alt=\"\" width=\"300\" height=\"169\" srcset=\"https:\/\/www.spiekerooger-inselbote.de\/wp-content\/uploads\/2026\/01\/Internet-2026-2-300x169.jpg 300w, https:\/\/www.spiekerooger-inselbote.de\/wp-content\/uploads\/2026\/01\/Internet-2026-2-1024x576.jpg 1024w, https:\/\/www.spiekerooger-inselbote.de\/wp-content\/uploads\/2026\/01\/Internet-2026-2-768x432.jpg 768w, https:\/\/www.spiekerooger-inselbote.de\/wp-content\/uploads\/2026\/01\/Internet-2026-2-1536x864.jpg 1536w, https:\/\/www.spiekerooger-inselbote.de\/wp-content\/uploads\/2026\/01\/Internet-2026-2-2048x1152.jpg 2048w, https:\/\/www.spiekerooger-inselbote.de\/wp-content\/uploads\/2026\/01\/Internet-2026-2-700x394.jpg 700w\" sizes=\"(max-width: 300px) 100vw, 300px\" \/><\/a><\/p>\n<h1>&#8222;Elli&#8220; tobt \u00fcber der Insel<\/h1>\n<h3>Seit Freitag (9. Januar) fr\u00fch tobt Sturmtief &#8222;Elli&#8220; \u00fcber Spiekeroog. Gegen 10 Uhr gab es B\u00f6en von 88 km \/ h. Das sind 9 Beaufort. Der Sturm aus Ost sorgt \u00fcberall auf der Insel f\u00fcr Schneeverwehungen. F\u00fcr den Freitag hat die NSB die Schifffahrt abgesagt. Das Bild oben zeigt den Krankenwagen auf dem W\u00fcppspoor auf dem Weg zum Hafen &#8211; &#8222;Elli&#8220; pustet den Schnee von den\u00a0 Richelwesen permanent auf die Stra\u00dfe. Die Sicht ist stark eingeschr\u00e4nkt. Fotos von dem Unwetter sehen Sie in unserer ersten Nummer 2026 am 17. Januar.<\/h3>\n<p>&nbsp;<\/p>\n<h1><a href=\"http:\/\/www.spiekerooger-inselbote.de\/wp-content\/uploads\/2026\/01\/Internet-2026-1-scaled.jpg\"><img loading=\"lazy\" decoding=\"async\" class=\"alignnone size-medium wp-image-3055\" src=\"http:\/\/www.spiekerooger-inselbote.de\/wp-content\/uploads\/2026\/01\/Internet-2026-1-300x178.jpg\" alt=\"\" width=\"300\" height=\"178\" srcset=\"https:\/\/www.spiekerooger-inselbote.de\/wp-content\/uploads\/2026\/01\/Internet-2026-1-300x178.jpg 300w, https:\/\/www.spiekerooger-inselbote.de\/wp-content\/uploads\/2026\/01\/Internet-2026-1-1024x607.jpg 1024w, https:\/\/www.spiekerooger-inselbote.de\/wp-content\/uploads\/2026\/01\/Internet-2026-1-768x455.jpg 768w, https:\/\/www.spiekerooger-inselbote.de\/wp-content\/uploads\/2026\/01\/Internet-2026-1-1536x911.jpg 1536w, https:\/\/www.spiekerooger-inselbote.de\/wp-content\/uploads\/2026\/01\/Internet-2026-1-2048x1214.jpg 2048w, https:\/\/www.spiekerooger-inselbote.de\/wp-content\/uploads\/2026\/01\/Internet-2026-1-700x415.jpg 700w\" sizes=\"(max-width: 300px) 100vw, 300px\" \/><\/a><\/h1>\n<h1>Von wegen &#8222;gr\u00fcne Insel&#8220;<\/h1>\n<h3>Diese sechsk\u00f6pfige Schneemann, -frau und -kind-Familie gr\u00fc\u00dft derzeit auf der Wiese am Dorfplatz. \u00dcberhaupt kann von Spiekeroog als &#8222;gr\u00fcne Insel&#8220; gerade keine Rede sein. Und (Stand 8. Januar 16 Uhr) es schneit leicht munter weiter. Mal sehen, wie lange die wei\u00dfe Pracht sich noch h\u00e4lt&#8230;<\/h3>\n<p>&nbsp;<\/p>\n<h1><a href=\"http:\/\/www.spiekerooger-inselbote.de\/wp-content\/uploads\/2025\/12\/2625bild-Morgen-4-scaled.jpg\"><img loading=\"lazy\" decoding=\"async\" class=\"alignnone size-medium wp-image-3050\" src=\"http:\/\/www.spiekerooger-inselbote.de\/wp-content\/uploads\/2025\/12\/2625bild-Morgen-4-300x128.jpg\" alt=\"\" width=\"300\" height=\"128\" srcset=\"https:\/\/www.spiekerooger-inselbote.de\/wp-content\/uploads\/2025\/12\/2625bild-Morgen-4-300x128.jpg 300w, https:\/\/www.spiekerooger-inselbote.de\/wp-content\/uploads\/2025\/12\/2625bild-Morgen-4-1024x437.jpg 1024w, https:\/\/www.spiekerooger-inselbote.de\/wp-content\/uploads\/2025\/12\/2625bild-Morgen-4-768x328.jpg 768w, https:\/\/www.spiekerooger-inselbote.de\/wp-content\/uploads\/2025\/12\/2625bild-Morgen-4-1536x656.jpg 1536w, https:\/\/www.spiekerooger-inselbote.de\/wp-content\/uploads\/2025\/12\/2625bild-Morgen-4-2048x874.jpg 2048w, https:\/\/www.spiekerooger-inselbote.de\/wp-content\/uploads\/2025\/12\/2625bild-Morgen-4-700x299.jpg 700w\" sizes=\"(max-width: 300px) 100vw, 300px\" \/><\/a><\/h1>\n<h1>R\u00fcckblick auf 2025<\/h1>\n<h3>Der Ibo berichtet in der Silvesterausgabe r\u00fcckblickend in Wort und Bild \u00fcber die Ereignisse auf Spiekeroog im zu Ende gehenden Jahr. 365 Tage in 8 Zeitungsspalten sozusagen.<\/h3>\n","protected":false},"excerpt":{"rendered":"<p>&nbsp; Die Sch\u00f6nheit der nat\u00fcrlichen Nacht erleben\u00a0 Vielseitiges Programm der International Dark Sky Week Vom 13. bis 20. April 2026 wird weltweit die Dark Sky Week, die Woche des dunklen Himmels, zelebriert. Auch die Nationalparkverwaltung Nieders\u00e4chsisches Wattenmeer beteiligt sich an der Aktion und l\u00e4dt mit einem vielf\u00e4ltigen Veranstaltungsprogramm dazu ein, &#8230;<\/p>\n","protected":false},"author":1,"featured_media":0,"parent":0,"menu_order":0,"comment_status":"closed","ping_status":"open","template":"","meta":{"footnotes":""},"_links":{"self":[{"href":"https:\/\/www.spiekerooger-inselbote.de\/index.php?rest_route=\/wp\/v2\/pages\/81"}],"collection":[{"href":"https:\/\/www.spiekerooger-inselbote.de\/index.php?rest_route=\/wp\/v2\/pages"}],"about":[{"href":"https:\/\/www.spiekerooger-inselbote.de\/index.php?rest_route=\/wp\/v2\/types\/page"}],"author":[{"embeddable":true,"href":"https:\/\/www.spiekerooger-inselbote.de\/index.php?rest_route=\/wp\/v2\/users\/1"}],"replies":[{"embeddable":true,"href":"https:\/\/www.spiekerooger-inselbote.de\/index.php?rest_route=%2Fwp%2Fv2%2Fcomments&post=81"}],"version-history":[{"count":1475,"href":"https:\/\/www.spiekerooger-inselbote.de\/index.php?rest_route=\/wp\/v2\/pages\/81\/revisions"}],"predecessor-version":[{"id":3109,"href":"https:\/\/www.spiekerooger-inselbote.de\/index.php?rest_route=\/wp\/v2\/pages\/81\/revisions\/3109"}],"wp:attachment":[{"href":"https:\/\/www.spiekerooger-inselbote.de\/index.php?rest_route=%2Fwp%2Fv2%2Fmedia&parent=81"}],"curies":[{"name":"wp","href":"https:\/\/api.w.org\/{rel}","templated":true}]}}